{"id":378,"date":"2017-01-27T11:12:47","date_gmt":"2017-01-27T10:12:47","guid":{"rendered":"http:\/\/www.nicdarkthemes.com\/themes\/beauty\/wp\/demo\/?post_type=product&#038;p=378"},"modified":"2025-09-29T16:20:08","modified_gmt":"2025-09-29T14:20:08","slug":"rituel-du-visage-au-bol-kansu","status":"publish","type":"product","link":"https:\/\/moniaturelle.com\/en\/boutique\/rituel-du-visage-au-bol-kansu\/","title":{"rendered":"Rituel du visage au bol kansu"},"content":{"rendered":"<p><span style=\"font-size: 1rem; letter-spacing: 0px;\">Le massage est une belle fa\u00e7on de se relaxer et de connecter l\u2019esprit au corps. Ce massage se concentre surtout sur le visage, le cr\u00e2ne et le cou et s\u2019effectue en exer\u00e7ant des points de pression sur des points \u00e9nerg\u00e9tiques \u201cmarmas\u201d, c\u2019est un encha\u00eenement de p\u00e9trissage des muscles faciaux qui draine les toxines, apporte les nutriments aux cellules, relance l\u2019\u00e9lasticit\u00e9 des fibres de collag\u00e8ne et la tonicit\u00e9 de la peau. Ainsi, en \u00e9liminant les tensions musculaires et en stimulant la microcirculation, les muscles du visage et de la nuque se d\u00e9tendent et retrouvent leur jeunesse. A l\u2019issue du massage, votre peau est tonifi\u00e9e et plus douce. Ce massage se pratique habill\u00e9, sur table avec une huile et des eaux florales biologiques.<br \/>\nIl se compose de 4 temps :<\/span><br \/>\n\u2013 nettoyage de la peau : huile et eaux florales bio sont utilis\u00e9s<br \/>\n\u2013 gommage doux et bio<br \/>\n\u2013 masque en fonction des besoins de votre peau<br \/>\n\u2013 massage \u00e0 l\u2019huile bio pour stimuler la peau et lui redonner de l\u2019\u00e9clat.<br \/>\nLes bienfaits de ce massage\u00a0 :<br \/>\n&#8211; Lisse les traits<br \/>\n&#8211; Donne de l\u2019\u00e9clat \u00e0 la peau<br \/>\n&#8211; Repulpe le visage<br \/>\n&#8211; Aide \u00e0 la d\u00e9tente<br \/>\n&#8211; d\u00e9toxifie la peau : on draine les impuret\u00e9s et les toxines.<br \/>\nUne vrai cure de jouvence pour notre visage.<\/p>","protected":false},"excerpt":{"rendered":"<p>Ce massage apporte les nutriments aux cellules, relance l\u2019\u00e9lasticit\u00e9 des\u00a0 fibres de collag\u00e8ne et la tonicit\u00e9 de la peau. (1h)<\/p>","protected":false},"featured_media":3467,"comment_status":"open","ping_status":"closed","template":"","meta":[],"product_brand":[],"product_cat":[50,32],"product_tag":[27],"class_list":{"0":"post-378","1":"product","2":"type-product","3":"status-publish","4":"has-post-thumbnail","6":"product_cat-massage","7":"product_cat-shop","8":"product_tag-massage","10":"first","11":"instock","12":"shipping-taxable","13":"purchasable","14":"product-type-simple"},"_links":{"self":[{"href":"https:\/\/moniaturelle.com\/en\/wp-json\/wp\/v2\/product\/378","targetHints":{"allow":["GET"]}}],"collection":[{"href":"https:\/\/moniaturelle.com\/en\/wp-json\/wp\/v2\/product"}],"about":[{"href":"https:\/\/moniaturelle.com\/en\/wp-json\/wp\/v2\/types\/product"}],"replies":[{"embeddable":true,"href":"https:\/\/moniaturelle.com\/en\/wp-json\/wp\/v2\/comments?post=378"}],"wp:featuredmedia":[{"embeddable":true,"href":"https:\/\/moniaturelle.com\/en\/wp-json\/wp\/v2\/media\/3467"}],"wp:attachment":[{"href":"https:\/\/moniaturelle.com\/en\/wp-json\/wp\/v2\/media?parent=378"}],"wp:term":[{"taxonomy":"product_brand","embeddable":true,"href":"https:\/\/moniaturelle.com\/en\/wp-json\/wp\/v2\/product_brand?post=378"},{"taxonomy":"product_cat","embeddable":true,"href":"https:\/\/moniaturelle.com\/en\/wp-json\/wp\/v2\/product_cat?post=378"},{"taxonomy":"product_tag","embeddable":true,"href":"https:\/\/moniaturelle.com\/en\/wp-json\/wp\/v2\/product_tag?post=378"}],"curies":[{"name":"wp","href":"https:\/\/api.w.org\/{rel}","templated":true}]}}