{"id":3328,"date":"2024-07-04T22:03:34","date_gmt":"2024-07-04T20:03:34","guid":{"rendered":"https:\/\/moniaturelle.com\/?post_type=product&#038;p=3328"},"modified":"2024-12-16T18:26:12","modified_gmt":"2024-12-16T17:26:12","slug":"atelier-elixir-jeunesse","status":"publish","type":"product","link":"https:\/\/moniaturelle.com\/en\/boutique\/atelier-elixir-jeunesse\/","title":{"rendered":"Atelier \u00c9lixir Jeunesse"},"content":{"rendered":"<p style=\"text-align: justify;\">Rajeunissez votre peau avec un soin anti-\u00e2ge personnalis\u00e9 gr\u00e2ce \u00e0 notre atelier \u00e9lixir jeunesse. Dans cet atelier, vous apprendrez \u00e0 composer un \u00e9lixir sur mesure en combinant des huiles v\u00e9g\u00e9tales, des extraits de plantes et des actifs anti-\u00e2ge reconnus pour leurs bienfaits. Sous les conseils de notre experte, d\u00e9couvrez les secrets pour une peau \u00e9clatante et revitalis\u00e9e. Que vous cherchiez \u00e0 pr\u00e9venir les premiers signes de l&rsquo;\u00e2ge ou \u00e0 att\u00e9nuer les rides existantes, vous repartirez avec une formule adapt\u00e9e \u00e0 vos besoins sp\u00e9cifiques.<\/p>\n<p>&nbsp;<\/p>","protected":false},"excerpt":{"rendered":"<p>Participez \u00e0 cet atelier pour cr\u00e9er votre \u00e9lixir jeunesse personnalis\u00e9.<\/p>","protected":false},"featured_media":3324,"comment_status":"open","ping_status":"closed","template":"","meta":[],"product_brand":[],"product_cat":[46,32],"product_tag":[24],"class_list":{"0":"post-3328","1":"product","2":"type-product","3":"status-publish","4":"has-post-thumbnail","6":"product_cat-ateliers","7":"product_cat-shop","8":"product_tag-beauty","10":"first","11":"instock","12":"shipping-taxable","13":"purchasable","14":"product-type-variable"},"_links":{"self":[{"href":"https:\/\/moniaturelle.com\/en\/wp-json\/wp\/v2\/product\/3328","targetHints":{"allow":["GET"]}}],"collection":[{"href":"https:\/\/moniaturelle.com\/en\/wp-json\/wp\/v2\/product"}],"about":[{"href":"https:\/\/moniaturelle.com\/en\/wp-json\/wp\/v2\/types\/product"}],"replies":[{"embeddable":true,"href":"https:\/\/moniaturelle.com\/en\/wp-json\/wp\/v2\/comments?post=3328"}],"wp:featuredmedia":[{"embeddable":true,"href":"https:\/\/moniaturelle.com\/en\/wp-json\/wp\/v2\/media\/3324"}],"wp:attachment":[{"href":"https:\/\/moniaturelle.com\/en\/wp-json\/wp\/v2\/media?parent=3328"}],"wp:term":[{"taxonomy":"product_brand","embeddable":true,"href":"https:\/\/moniaturelle.com\/en\/wp-json\/wp\/v2\/product_brand?post=3328"},{"taxonomy":"product_cat","embeddable":true,"href":"https:\/\/moniaturelle.com\/en\/wp-json\/wp\/v2\/product_cat?post=3328"},{"taxonomy":"product_tag","embeddable":true,"href":"https:\/\/moniaturelle.com\/en\/wp-json\/wp\/v2\/product_tag?post=3328"}],"curies":[{"name":"wp","href":"https:\/\/api.w.org\/{rel}","templated":true}]}}