{"id":3320,"date":"2024-07-04T21:42:40","date_gmt":"2024-07-04T19:42:40","guid":{"rendered":"https:\/\/moniaturelle.com\/?post_type=product&#038;p=3320"},"modified":"2024-12-16T18:42:54","modified_gmt":"2024-12-16T17:42:54","slug":"atelier-rouge-a-levres-sur-mesure","status":"publish","type":"product","link":"https:\/\/moniaturelle.com\/en\/boutique\/atelier-rouge-a-levres-sur-mesure\/","title":{"rendered":"Atelier Rouge \u00e0 L\u00e8vres sur Mesure"},"content":{"rendered":"<p>Plongez dans l&rsquo;univers de la cosm\u00e9tique sur mesure avec notre atelier rouge \u00e0 l\u00e8vres. Durant cette session, vous aurez l&rsquo;occasion de concevoir un rouge \u00e0 l\u00e8vres parfaitement adapt\u00e9 \u00e0 vos envies et besoins. Choisissez parmi une vaste palette de couleurs, exp\u00e9rimentez diff\u00e9rentes textures, et s\u00e9lectionnez la finition qui correspond \u00e0 votre style. Que vous pr\u00e9f\u00e9riez une teinte audacieuse et mate ou une couleur subtile et brillante, notre experte vous guidera \u00e0 chaque \u00e9tape pour que vous repartiez avec un produit unique, qui vous ressemble.<\/p>","protected":false},"excerpt":{"rendered":"<p>Cr\u00e9ez votre rouge \u00e0 l\u00e8vres unique lors de cet atelier personnalis\u00e9.<\/p>","protected":false},"featured_media":3321,"comment_status":"open","ping_status":"closed","template":"","meta":[],"product_brand":[],"product_cat":[46,32],"product_tag":[24],"class_list":{"0":"post-3320","1":"product","2":"type-product","3":"status-publish","4":"has-post-thumbnail","6":"product_cat-ateliers","7":"product_cat-shop","8":"product_tag-beauty","10":"first","11":"instock","12":"shipping-taxable","13":"purchasable","14":"product-type-variable"},"_links":{"self":[{"href":"https:\/\/moniaturelle.com\/en\/wp-json\/wp\/v2\/product\/3320","targetHints":{"allow":["GET"]}}],"collection":[{"href":"https:\/\/moniaturelle.com\/en\/wp-json\/wp\/v2\/product"}],"about":[{"href":"https:\/\/moniaturelle.com\/en\/wp-json\/wp\/v2\/types\/product"}],"replies":[{"embeddable":true,"href":"https:\/\/moniaturelle.com\/en\/wp-json\/wp\/v2\/comments?post=3320"}],"wp:featuredmedia":[{"embeddable":true,"href":"https:\/\/moniaturelle.com\/en\/wp-json\/wp\/v2\/media\/3321"}],"wp:attachment":[{"href":"https:\/\/moniaturelle.com\/en\/wp-json\/wp\/v2\/media?parent=3320"}],"wp:term":[{"taxonomy":"product_brand","embeddable":true,"href":"https:\/\/moniaturelle.com\/en\/wp-json\/wp\/v2\/product_brand?post=3320"},{"taxonomy":"product_cat","embeddable":true,"href":"https:\/\/moniaturelle.com\/en\/wp-json\/wp\/v2\/product_cat?post=3320"},{"taxonomy":"product_tag","embeddable":true,"href":"https:\/\/moniaturelle.com\/en\/wp-json\/wp\/v2\/product_tag?post=3320"}],"curies":[{"name":"wp","href":"https:\/\/api.w.org\/{rel}","templated":true}]}}