{"id":3101,"date":"2024-06-20T20:59:44","date_gmt":"2024-06-20T18:59:44","guid":{"rendered":"https:\/\/moniaturelle.com\/?post_type=product&#038;p=3101"},"modified":"2024-12-16T18:45:21","modified_gmt":"2024-12-16T17:45:21","slug":"atelier-savon-naturel","status":"publish","type":"product","link":"https:\/\/moniaturelle.com\/en\/boutique\/atelier-savon-naturel\/","title":{"rendered":"Atelier Savon Naturel"},"content":{"rendered":"<p style=\"text-align: justify;\">D\u00e9couvrez l&rsquo;art de la fabrication de savons naturels dans notre atelier convivial et cr\u00e9atif. Apprenez \u00e0 \u00e9laborer des savons artisanaux \u00e0 partir d&rsquo;ingr\u00e9dients bio et respectueux de l&rsquo;environnement.Vous serez initi\u00e9 aux techniques traditionnelles et modernes, aux bienfaits des huiles, et aux m\u00e9thodes de personnalisation pour cr\u00e9er des produits uniques. Rejoignez-nous pour une exp\u00e9rience enrichissante et repartez avec vos propres cr\u00e9ations, id\u00e9ales pour vous ou pour offrir. Laissez-vous inspirer par la nature et transformez des mati\u00e8res premi\u00e8res pures en \u0153uvres de bien-\u00eatre pour la peau.<\/p>","protected":false},"excerpt":{"rendered":"<p><i><span style=\"font-weight: 400;\"> Pendant cet atelier, vous apprendrez \u00e0 fabriquer vous-m\u00eame vos\u00a0 savons maison. <\/span><\/i><\/p>","protected":false},"featured_media":3306,"comment_status":"open","ping_status":"closed","template":"","meta":[],"product_brand":[],"product_cat":[46,32],"product_tag":[24],"class_list":{"0":"post-3101","1":"product","2":"type-product","3":"status-publish","4":"has-post-thumbnail","6":"product_cat-ateliers","7":"product_cat-shop","8":"product_tag-beauty","10":"first","11":"instock","12":"shipping-taxable","13":"purchasable","14":"product-type-variable"},"_links":{"self":[{"href":"https:\/\/moniaturelle.com\/en\/wp-json\/wp\/v2\/product\/3101","targetHints":{"allow":["GET"]}}],"collection":[{"href":"https:\/\/moniaturelle.com\/en\/wp-json\/wp\/v2\/product"}],"about":[{"href":"https:\/\/moniaturelle.com\/en\/wp-json\/wp\/v2\/types\/product"}],"replies":[{"embeddable":true,"href":"https:\/\/moniaturelle.com\/en\/wp-json\/wp\/v2\/comments?post=3101"}],"wp:featuredmedia":[{"embeddable":true,"href":"https:\/\/moniaturelle.com\/en\/wp-json\/wp\/v2\/media\/3306"}],"wp:attachment":[{"href":"https:\/\/moniaturelle.com\/en\/wp-json\/wp\/v2\/media?parent=3101"}],"wp:term":[{"taxonomy":"product_brand","embeddable":true,"href":"https:\/\/moniaturelle.com\/en\/wp-json\/wp\/v2\/product_brand?post=3101"},{"taxonomy":"product_cat","embeddable":true,"href":"https:\/\/moniaturelle.com\/en\/wp-json\/wp\/v2\/product_cat?post=3101"},{"taxonomy":"product_tag","embeddable":true,"href":"https:\/\/moniaturelle.com\/en\/wp-json\/wp\/v2\/product_tag?post=3101"}],"curies":[{"name":"wp","href":"https:\/\/api.w.org\/{rel}","templated":true}]}}