{"id":3665,"date":"2024-10-09T20:34:39","date_gmt":"2024-10-09T18:34:39","guid":{"rendered":"https:\/\/moniaturelle.com\/?page_id=3665"},"modified":"2024-10-26T07:46:19","modified_gmt":"2024-10-26T05:46:19","slug":"guides","status":"publish","type":"page","link":"https:\/\/moniaturelle.com\/en\/guides\/","title":{"rendered":"Guides"},"content":{"rendered":"\t\t<div data-elementor-type=\"wp-page\" data-elementor-id=\"3665\" class=\"elementor elementor-3665\">\n\t\t\t\t\t\t<section class=\"elementor-section elementor-top-section elementor-element elementor-element-abd0584 elementor-section-boxed elementor-section-height-default elementor-section-height-default sc_fly_static\" data-id=\"abd0584\" data-element_type=\"section\" data-e-type=\"section\">\n\t\t\t\t\t\t<div class=\"elementor-container elementor-column-gap-extended\">\n\t\t\t\t\t<div class=\"elementor-column elementor-col-100 elementor-top-column elementor-element elementor-element-2dfe0ec sc_content_align_inherit sc_layouts_column_icons_position_left sc_fly_static\" data-id=\"2dfe0ec\" data-element_type=\"column\" data-e-type=\"column\">\n\t\t\t<div class=\"elementor-widget-wrap elementor-element-populated\">\n\t\t\t\t\t\t<div class=\"elementor-element elementor-element-faae6cf sc_fly_static elementor-widget elementor-widget-text-editor\" data-id=\"faae6cf\" data-element_type=\"widget\" data-e-type=\"widget\" data-widget_type=\"text-editor.default\">\n\t\t\t\t<div class=\"elementor-widget-container\">\n\t\t\t\t\t\t\t\t\t<p>Un espace d\u00e9di\u00e9 \u00e0 l&rsquo;univers du bien-\u00eatre et des soins, o\u00f9 vous pouvez d\u00e9couvrir tout ce qu&rsquo;il faut savoir sur les massages, les rituels de relaxation, et les soins du visage. Retrouvez nos articles les plus r\u00e9cents ci-dessous, ou explorez directement nos diff\u00e9rentes rubriques pour en savoir plus sur ces pratiques apaisantes et revitalisantes.<\/p>\t\t\t\t\t\t\t\t<\/div>\n\t\t\t\t<\/div>\n\t\t\t\t\t<\/div>\n\t\t<\/div>\n\t\t\t\t\t<\/div>\n\t\t<\/section>\n\t\t\t\t<section class=\"elementor-section elementor-top-section elementor-element elementor-element-4ecd3b3 elementor-section-boxed elementor-section-height-default elementor-section-height-default sc_fly_static\" data-id=\"4ecd3b3\" data-element_type=\"section\" data-e-type=\"section\">\n\t\t\t\t\t\t<div class=\"elementor-container elementor-column-gap-extended\">\n\t\t\t\t\t<div class=\"elementor-column elementor-col-100 elementor-top-column elementor-element elementor-element-7760a2b sc_content_align_inherit sc_layouts_column_icons_position_left sc_fly_static\" data-id=\"7760a2b\" data-element_type=\"column\" data-e-type=\"column\">\n\t\t\t<div class=\"elementor-widget-wrap elementor-element-populated\">\n\t\t\t\t\t\t<div class=\"elementor-element elementor-element-aa29f4f sc_fly_static elementor-widget elementor-widget-text-editor\" data-id=\"aa29f4f\" data-element_type=\"widget\" data-e-type=\"widget\" data-widget_type=\"text-editor.default\">\n\t\t\t\t<div class=\"elementor-widget-container\">\n\t\t\t\t\t\t\t\t\t<div class=\"textDisp\" style=\"display: flex; justify-content: space-evenly;\"><a class=\"ekit-menu-nav-link\" style=\"color: #000; text-decoration: none; position: relative;\" href=\"https:\/\/moniaturelle.com\/guide\/belle-peau\/\">\nBelle Peau\n<\/a><a class=\"ekit-menu-nav-link\" style=\"color: #000; text-decoration: none; position: relative;\" href=\"https:\/\/moniaturelle.com\/guide\/bien-etre\/\">\nBien \u00catre\n<\/a><a class=\"ekit-menu-nav-link\" style=\"color: #000; text-decoration: none; position: relative;\" href=\"https:\/\/moniaturelle.com\/guide\/massage\/\">\nMassage\n<\/a><\/div>\t\t\t\t\t\t\t\t<\/div>\n\t\t\t\t<\/div>\n\t\t\t\t\t<\/div>\n\t\t<\/div>\n\t\t\t\t\t<\/div>\n\t\t<\/section>\n\t\t\t\t<section class=\"elementor-section elementor-top-section elementor-element elementor-element-d5498a9 elementor-section-boxed elementor-section-height-default elementor-section-height-default sc_fly_static\" data-id=\"d5498a9\" data-element_type=\"section\" data-e-type=\"section\">\n\t\t\t\t\t\t<div class=\"elementor-container elementor-column-gap-extended\">\n\t\t\t\t\t<div class=\"elementor-column elementor-col-100 elementor-top-column elementor-element elementor-element-12c38a3 sc_content_align_inherit sc_layouts_column_icons_position_left sc_fly_static\" data-id=\"12c38a3\" data-element_type=\"column\" data-e-type=\"column\">\n\t\t\t<div class=\"elementor-widget-wrap elementor-element-populated\">\n\t\t\t\t\t\t<div class=\"elementor-element elementor-element-6e72cc9 sc_style_default sc_fly_static elementor-widget elementor-widget-trx_sc_blogger\" data-id=\"6e72cc9\" data-element_type=\"widget\" data-e-type=\"widget\" data-widget_type=\"trx_sc_blogger.default\">\n\t\t\t\t<div class=\"elementor-widget-container\">\n\t\t\t\t\t<div \t\tclass=\"sc_blogger sc_blogger_portestate sc_blogger_portestate_default sc_item_filters_tabs_none alignnone\" ><div class=\"sc_blogger_columns_wrap sc_item_columns sc_item_posts_container trx_addons_columns_wrap columns_padding_bottom columns_in_single_row\" ><div class=\"trx_addons_column-1_3\"><div data-post-id=\"3211\" data-item-number=\"1\" class=\"sc_blogger_item sc_item_container post_container sc_blogger_item_portestate sc_blogger_item_portestate_default sc_blogger_item_odd sc_blogger_item_align_none post_format_standard sc_blogger_item_with_image sc_blogger_item_no_excerpt sc_blogger_item_image_position_top post-3211 post type-post status-publish format-standard has-post-thumbnail hentry category-belle-peau\" ><div class=\"sc_blogger_item_body\"><div class=\"post_featured with_thumb hover_link sc_item_featured sc_blogger_item_featured\"><img fetchpriority=\"high\" decoding=\"async\" width=\"890\" height=\"664\" src=\"https:\/\/moniaturelle.com\/wp-content\/uploads\/2024\/06\/4ecf9c5c-5a16-4de9-825d-93bad891192b-890x664.jpeg\" class=\"attachment-beautique-thumb-square size-beautique-thumb-square wp-post-image\" alt=\"\" \/>\t\t\t\t\t\t<div class=\"mask\"><\/div>\n\t\t\t\t\t\t\t\t\t<a href=\"https:\/\/moniaturelle.com\/en\/pourquoi-eviter-leau-micellaire-pour-preserver-votre-peau\/\"  aria-hidden=\"true\" class=\"link\"><\/a>\r\n\t\t\t<\/div><div class=\"sc_blogger_item_content entry-content\"><h5 class=\"sc_blogger_item_title entry-title\" data-item-number=\"1\"><a href=\"https:\/\/moniaturelle.com\/en\/pourquoi-eviter-leau-micellaire-pour-preserver-votre-peau\/\" rel=\"bookmark\">Pourquoi \u00e9viter l&rsquo;Eau Micellaire pour Pr\u00e9server votre Peau ?<\/a><\/h5><div class=\"post_meta sc_blogger_item_meta post_meta_categories\"><span class=\"post_meta_item post_categories cat_sep\"><a href=\"https:\/\/moniaturelle.com\/en\/guide\/belle-peau\/\" rel=\"category tag\">Belle Peau<\/a><\/span><\/div><\/div><!-- .entry-content --><\/div><!-- .sc_blogger_item_body --><\/div><!-- .sc_blogger_item --><\/div><div class=\"trx_addons_column-1_3\"><div data-post-id=\"3214\" data-item-number=\"2\" class=\"sc_blogger_item sc_item_container post_container sc_blogger_item_portestate sc_blogger_item_portestate_default sc_blogger_item_even sc_blogger_item_align_none post_format_standard sc_blogger_item_with_image sc_blogger_item_no_excerpt sc_blogger_item_image_position_top post-3214 post type-post status-publish format-standard has-post-thumbnail hentry category-bien-etre\" ><div class=\"sc_blogger_item_body\"><div class=\"post_featured with_thumb hover_link sc_item_featured sc_blogger_item_featured\"><img decoding=\"async\" width=\"890\" height=\"664\" src=\"https:\/\/moniaturelle.com\/wp-content\/uploads\/2024\/06\/bath-accessories-cosmetics-hygiene-products-spa-2023-11-27-04-59-16-utc-890x664.jpg\" class=\"attachment-beautique-thumb-square size-beautique-thumb-square wp-post-image\" alt=\"\" \/>\t\t\t\t\t\t<div class=\"mask\"><\/div>\n\t\t\t\t\t\t\t\t\t<a href=\"https:\/\/moniaturelle.com\/en\/pourquoi-faire-attention-aux-perturbateurs-endocriniens\/\"  aria-hidden=\"true\" class=\"link\"><\/a>\r\n\t\t\t<\/div><div class=\"sc_blogger_item_content entry-content\"><h5 class=\"sc_blogger_item_title entry-title\" data-item-number=\"2\"><a href=\"https:\/\/moniaturelle.com\/en\/pourquoi-faire-attention-aux-perturbateurs-endocriniens\/\" rel=\"bookmark\">Pourquoi Faire Attention aux Perturbateurs Endocriniens ?<\/a><\/h5><div class=\"post_meta sc_blogger_item_meta post_meta_categories\"><span class=\"post_meta_item post_categories cat_sep\"><a href=\"https:\/\/moniaturelle.com\/en\/guide\/bien-etre\/\" rel=\"category tag\">Bien \u00catre<\/a><\/span><\/div><\/div><!-- .entry-content --><\/div><!-- .sc_blogger_item_body --><\/div><!-- .sc_blogger_item --><\/div><div class=\"trx_addons_column-1_3\"><div data-post-id=\"61\" data-item-number=\"3\" class=\"sc_blogger_item sc_item_container post_container sc_blogger_item_portestate sc_blogger_item_portestate_default sc_blogger_item_odd sc_blogger_item_align_none post_format_standard sc_blogger_item_with_image sc_blogger_item_no_excerpt sc_blogger_item_image_position_top post-61 post type-post status-publish format-standard has-post-thumbnail hentry category-belle-peau\" ><div class=\"sc_blogger_item_body\"><div class=\"post_featured with_thumb hover_link sc_item_featured sc_blogger_item_featured\"><img decoding=\"async\" width=\"890\" height=\"664\" src=\"https:\/\/moniaturelle.com\/wp-content\/uploads\/2016\/12\/skin-care-scrub-concept-on-blue-background-2023-11-27-04-54-36-utc-890x664.jpg\" class=\"attachment-beautique-thumb-square size-beautique-thumb-square wp-post-image\" alt=\"\" srcset=\"https:\/\/moniaturelle.com\/wp-content\/uploads\/2016\/12\/skin-care-scrub-concept-on-blue-background-2023-11-27-04-54-36-utc-890x664.jpg 890w, https:\/\/moniaturelle.com\/wp-content\/uploads\/2016\/12\/skin-care-scrub-concept-on-blue-background-2023-11-27-04-54-36-utc-18x12.jpg 18w\" sizes=\"(max-width: 890px) 100vw, 890px\" \/>\t\t\t\t\t\t<div class=\"mask\"><\/div>\n\t\t\t\t\t\t\t\t\t<a href=\"https:\/\/moniaturelle.com\/en\/le-gommage-pourquoi-est-il-important-pour-notre-peau\/\"  aria-hidden=\"true\" class=\"link\"><\/a>\r\n\t\t\t<\/div><div class=\"sc_blogger_item_content entry-content\"><h5 class=\"sc_blogger_item_title entry-title\" data-item-number=\"3\"><a href=\"https:\/\/moniaturelle.com\/en\/le-gommage-pourquoi-est-il-important-pour-notre-peau\/\" rel=\"bookmark\">Le Gommage : Pourquoi est-il Important Pour Notre Peau ?<\/a><\/h5><div class=\"post_meta sc_blogger_item_meta post_meta_categories\"><span class=\"post_meta_item post_categories cat_sep\"><a href=\"https:\/\/moniaturelle.com\/en\/guide\/belle-peau\/\" rel=\"category tag\">Belle Peau<\/a><\/span><\/div><\/div><!-- .entry-content --><\/div><!-- .sc_blogger_item_body --><\/div><!-- .sc_blogger_item --><\/div><\/div><nav class=\"sc_blogger_pagination sc_item_pagination sc_item_pagination_load_more nav-links-more  sc_align_none sc_item_pagination_infinite\" data-params=\"{&quot;cat&quot;:&quot;&quot;,&quot;columns&quot;:3,&quot;columns_widescreen&quot;:&quot;&quot;,&quot;columns_laptop&quot;:&quot;&quot;,&quot;columns_tablet_extra&quot;:{&quot;unit&quot;:&quot;px&quot;,&quot;size&quot;:&quot;&quot;,&quot;sizes&quot;:[]},&quot;columns_tablet&quot;:&quot;&quot;,&quot;columns_mobile_extra&quot;:{&quot;unit&quot;:&quot;px&quot;,&quot;size&quot;:&quot;&quot;,&quot;sizes&quot;:[]},&quot;columns_mobile&quot;:&quot;&quot;,&quot;count&quot;:3,&quot;offset&quot;:0,&quot;orderby&quot;:&quot;post_date&quot;,&quot;order&quot;:&quot;asc&quot;,&quot;ids&quot;:&quot;&quot;,&quot;slider&quot;:false,&quot;slider_effect&quot;:&quot;slide&quot;,&quot;slider_pagination&quot;:&quot;none&quot;,&quot;slider_pagination_type&quot;:&quot;bullets&quot;,&quot;slider_pagination_thumbs&quot;:0,&quot;slider_controls&quot;:&quot;none&quot;,&quot;slides_space&quot;:0,&quot;slides_centered&quot;:&quot;&quot;,&quot;slides_overflow&quot;:&quot;&quot;,&quot;slider_mouse_wheel&quot;:&quot;&quot;,&quot;slider_autoplay&quot;:&quot;1&quot;,&quot;slider_loop&quot;:&quot;1&quot;,&quot;slider_free_mode&quot;:&quot;&quot;,&quot;title&quot;:&quot;&quot;,&quot;title_align&quot;:&quot;none&quot;,&quot;title_style&quot;:&quot;default&quot;,&quot;title_tag&quot;:&quot;none&quot;,&quot;title_color&quot;:&quot;&quot;,&quot;title_color2&quot;:&quot;&quot;,&quot;gradient_fill&quot;:&quot;block&quot;,&quot;gradient_direction&quot;:&quot;0&quot;,&quot;title_border_color&quot;:&quot;&quot;,&quot;title_border_width&quot;:{&quot;unit&quot;:&quot;px&quot;,&quot;size&quot;:0,&quot;sizes&quot;:[]},&quot;title_bg_image&quot;:{&quot;url&quot;:&quot;&quot;,&quot;id&quot;:&quot;&quot;,&quot;size&quot;:&quot;&quot;},&quot;title2&quot;:&quot;&quot;,&quot;title2_color&quot;:&quot;&quot;,&quot;title2_color2&quot;:&quot;&quot;,&quot;gradient_fill2&quot;:&quot;block&quot;,&quot;gradient_direction2&quot;:&quot;0&quot;,&quot;title2_border_color&quot;:&quot;&quot;,&quot;title2_border_width&quot;:{&quot;unit&quot;:&quot;px&quot;,&quot;size&quot;:0,&quot;sizes&quot;:[]},&quot;title2_bg_image&quot;:{&quot;url&quot;:&quot;&quot;,&quot;id&quot;:&quot;&quot;,&quot;size&quot;:&quot;&quot;},&quot;subtitle&quot;:&quot;&quot;,&quot;subtitle_align&quot;:&quot;none&quot;,&quot;subtitle_position&quot;:&quot;above&quot;,&quot;subtitle_color&quot;:&quot;&quot;,&quot;description&quot;:&quot;&quot;,&quot;description_color&quot;:&quot;&quot;,&quot;link&quot;:&quot;&quot;,&quot;link_style&quot;:&quot;default&quot;,&quot;link_size&quot;:&quot;normal&quot;,&quot;link_image&quot;:&quot;&quot;,&quot;link_text&quot;:&quot;&quot;,&quot;new_window&quot;:0,&quot;typed&quot;:&quot;&quot;,&quot;typed_strings&quot;:&quot;&quot;,&quot;typed_loop&quot;:&quot;1&quot;,&quot;typed_cursor&quot;:&quot;1&quot;,&quot;typed_cursor_char&quot;:&quot;_&quot;,&quot;typed_color&quot;:&quot;&quot;,&quot;typed_speed&quot;:&quot;6&quot;,&quot;typed_delay&quot;:&quot;1&quot;,&quot;id&quot;:&quot;&quot;,&quot;class&quot;:&quot;&quot;,&quot;className&quot;:&quot;&quot;,&quot;css&quot;:&quot;&quot;,&quot;type&quot;:&quot;portestate&quot;,&quot;post_type&quot;:&quot;post&quot;,&quot;taxonomy&quot;:&quot;category&quot;,&quot;show_filters&quot;:&quot;&quot;,&quot;filters_title&quot;:&quot;&quot;,&quot;filters_subtitle&quot;:&quot;&quot;,&quot;filters_title_align&quot;:&quot;left&quot;,&quot;filters_tabs_position&quot;:&quot;top&quot;,&quot;filters_tabs_on_hover&quot;:&quot;&quot;,&quot;filters_taxonomy&quot;:&quot;category&quot;,&quot;filters_active&quot;:&quot;&quot;,&quot;filters_ids&quot;:[],&quot;filters_all&quot;:&quot;1&quot;,&quot;filters_all_text&quot;:&quot;&quot;,&quot;filters_more_text&quot;:&quot;More posts&quot;,&quot;meta_parts&quot;:[&quot;categories&quot;,&quot;author&quot;],&quot;image_position&quot;:&quot;top&quot;,&quot;image_width&quot;:&quot;40&quot;,&quot;image_ratio&quot;:&quot;none&quot;,&quot;thumb_size&quot;:&quot;&quot;,&quot;hover&quot;:&quot;inherit&quot;,&quot;date_format&quot;:&quot;&quot;,&quot;disable_date_diff&quot;:&quot;&quot;,&quot;on_plate&quot;:&quot;&quot;,&quot;hide_excerpt&quot;:&quot;&quot;,&quot;excerpt_length&quot;:&quot;&quot;,&quot;text_align&quot;:&quot;none&quot;,&quot;no_margin&quot;:&quot;&quot;,&quot;no_links&quot;:&quot;&quot;,&quot;full_post&quot;:&quot;&quot;,&quot;video_in_popup&quot;:&quot;&quot;,&quot;numbers&quot;:&quot;&quot;,&quot;more_button&quot;:&quot;1&quot;,&quot;more_text&quot;:&quot;Read more&quot;,&quot;pagination&quot;:&quot;infinite&quot;,&quot;page&quot;:1,&quot;posts_exclude&quot;:&quot;&quot;,&quot;align&quot;:&quot;none&quot;,&quot;template_default&quot;:&quot;classic&quot;,&quot;template_list&quot;:&quot;with_image&quot;,&quot;template_news&quot;:&quot;magazine&quot;,&quot;template_lay_portfolio&quot;:&quot;style-1&quot;,&quot;template_lay_portfolio_grid&quot;:&quot;grid_style_3&quot;,&quot;template_portmodern&quot;:&quot;image-over&quot;,&quot;template_portestate&quot;:&quot;default&quot;,&quot;template_excerpt&quot;:&quot;&quot;,&quot;template_band&quot;:&quot;&quot;,&quot;template_classic&quot;:&quot;&quot;,&quot;template_classic-masonry&quot;:&quot;&quot;,&quot;template_portfolio&quot;:&quot;&quot;,&quot;template_portfolio-masonry&quot;:&quot;&quot;,&quot;count_extra&quot;:{&quot;unit&quot;:&quot;px&quot;,&quot;size&quot;:3,&quot;sizes&quot;:[]},&quot;columns_extra&quot;:{&quot;unit&quot;:&quot;px&quot;,&quot;size&quot;:0,&quot;sizes&quot;:[]},&quot;offset_extra&quot;:{&quot;unit&quot;:&quot;px&quot;,&quot;size&quot;:0,&quot;sizes&quot;:[]},&quot;image_width_extra&quot;:{&quot;unit&quot;:&quot;px&quot;,&quot;size&quot;:40,&quot;sizes&quot;:[]},&quot;slides_space_extra&quot;:{&quot;unit&quot;:&quot;px&quot;,&quot;size&quot;:0,&quot;sizes&quot;:[]},&quot;gradient_direction_extra&quot;:{&quot;unit&quot;:&quot;px&quot;,&quot;size&quot;:0,&quot;sizes&quot;:[]},&quot;typed_speed_extra&quot;:{&quot;unit&quot;:&quot;px&quot;,&quot;size&quot;:6,&quot;sizes&quot;:[]},&quot;typed_delay_extra&quot;:{&quot;unit&quot;:&quot;px&quot;,&quot;size&quot;:1,&quot;sizes&quot;:[]},&quot;gradient_direction2_extra&quot;:{&quot;unit&quot;:&quot;px&quot;,&quot;size&quot;:0,&quot;sizes&quot;:[]},&quot;link_extra&quot;:{&quot;url&quot;:&quot;&quot;,&quot;is_external&quot;:&quot;&quot;,&quot;nofollow&quot;:&quot;&quot;,&quot;custom_attributes&quot;:&quot;&quot;},&quot;link_image_extra&quot;:{&quot;url&quot;:&quot;&quot;,&quot;id&quot;:&quot;&quot;,&quot;size&quot;:&quot;&quot;},&quot;scheme&quot;:&quot;&quot;,&quot;color_style&quot;:&quot;default&quot;,&quot;mouse_helper_highlight&quot;:&quot;&quot;,&quot;item_number&quot;:3,&quot;sc&quot;:&quot;sc_blogger&quot;}\">\n\t\t\t\t<a class=\"nav-links\" data-page=\"2\" data-max-page=\"2\"><span>Load more<\/span><\/a>\n\t\t\t<\/nav><\/div>\t\t\t\t<\/div>\n\t\t\t\t<\/div>\n\t\t\t\t\t<\/div>\n\t\t<\/div>\n\t\t\t\t\t<\/div>\n\t\t<\/section>\n\t\t\t\t<\/div>\n\t\t","protected":false},"excerpt":{"rendered":"<p>Un espace d\u00e9di\u00e9 \u00e0 l&rsquo;univers du bien-\u00eatre et des soins, o\u00f9 vous pouvez d\u00e9couvrir tout&hellip;<\/p>","protected":false},"author":1,"featured_media":0,"parent":0,"menu_order":0,"comment_status":"closed","ping_status":"closed","template":"elementor_header_footer","meta":{"footnotes":""},"class_list":["post-3665","page","type-page","status-publish","hentry"],"_links":{"self":[{"href":"https:\/\/moniaturelle.com\/en\/wp-json\/wp\/v2\/pages\/3665","targetHints":{"allow":["GET"]}}],"collection":[{"href":"https:\/\/moniaturelle.com\/en\/wp-json\/wp\/v2\/pages"}],"about":[{"href":"https:\/\/moniaturelle.com\/en\/wp-json\/wp\/v2\/types\/page"}],"author":[{"embeddable":true,"href":"https:\/\/moniaturelle.com\/en\/wp-json\/wp\/v2\/users\/1"}],"replies":[{"embeddable":true,"href":"https:\/\/moniaturelle.com\/en\/wp-json\/wp\/v2\/comments?post=3665"}],"version-history":[{"count":1,"href":"https:\/\/moniaturelle.com\/en\/wp-json\/wp\/v2\/pages\/3665\/revisions"}],"predecessor-version":[{"id":4668,"href":"https:\/\/moniaturelle.com\/en\/wp-json\/wp\/v2\/pages\/3665\/revisions\/4668"}],"wp:attachment":[{"href":"https:\/\/moniaturelle.com\/en\/wp-json\/wp\/v2\/media?parent=3665"}],"curies":[{"name":"wp","href":"https:\/\/api.w.org\/{rel}","templated":true}]}}